{"id":13,"date":"2015-12-25T19:38:50","date_gmt":"2015-12-25T19:38:50","guid":{"rendered":"http:\/\/lukastowerband.com\/?page_id=13"},"modified":"2025-04-24T20:13:30","modified_gmt":"2025-04-24T20:13:30","slug":"impressum","status":"publish","type":"page","link":"https:\/\/lukastowerband.com\/en\/impressum\/","title":{"rendered":"Imprint\/Data Privacy"},"content":{"rendered":"<p><b>Lukas Tower Band<br \/>\nc\/o<br \/>\nWolfgang Fastenmeier<br \/>\nHochk\u00f6nigstr. 6<br \/>\n81825 M\u00fcnchen<\/b><\/p>\n<p><a href=\"mailto:info@lukastowerband.de\">info@lukastowerband.de<br \/>\n<\/a><br \/>\nInhaltlich Verantwortlicher gem\u00e4\u00df \u00a76 MDStV:<br \/>\nWolfgang Fastenmeier<\/p>","protected":false},"excerpt":{"rendered":"<p>Lukas Tower Band c\/o Wolfgang Fastenmeier Hochk\u00f6nigstr. 6 81825 M\u00fcnchen info@lukastowerband.de Inhaltlich Verantwortlicher gem\u00e4\u00df \u00a76 MDStV: Wolfgang Fastenmeier<\/p>\n","protected":false},"author":1,"featured_media":0,"parent":0,"menu_order":0,"comment_status":"closed","ping_status":"closed","template":"","meta":{"footnotes":""},"class_list":["post-13","page","type-page","status-publish","hentry"],"_links":{"self":[{"href":"https:\/\/lukastowerband.com\/en\/wp-json\/wp\/v2\/pages\/13","targetHints":{"allow":["GET"]}}],"collection":[{"href":"https:\/\/lukastowerband.com\/en\/wp-json\/wp\/v2\/pages"}],"about":[{"href":"https:\/\/lukastowerband.com\/en\/wp-json\/wp\/v2\/types\/page"}],"author":[{"embeddable":true,"href":"https:\/\/lukastowerband.com\/en\/wp-json\/wp\/v2\/users\/1"}],"replies":[{"embeddable":true,"href":"https:\/\/lukastowerband.com\/en\/wp-json\/wp\/v2\/comments?post=13"}],"version-history":[{"count":8,"href":"https:\/\/lukastowerband.com\/en\/wp-json\/wp\/v2\/pages\/13\/revisions"}],"predecessor-version":[{"id":837,"href":"https:\/\/lukastowerband.com\/en\/wp-json\/wp\/v2\/pages\/13\/revisions\/837"}],"wp:attachment":[{"href":"https:\/\/lukastowerband.com\/en\/wp-json\/wp\/v2\/media?parent=13"}],"curies":[{"name":"wp","href":"https:\/\/api.w.org\/{rel}","templated":true}]}}